{"id":10,"date":"2007-10-04T20:16:56","date_gmt":"2007-10-04T18:16:56","guid":{"rendered":"http:\/\/www.woydt.be\/blog\/?page_id=10"},"modified":"2024-07-14T15:19:57","modified_gmt":"2024-07-14T14:19:57","slug":"_fr","status":"publish","type":"page","link":"https:\/\/www.woydt.be\/blog\/?page_id=10","title":{"rendered":"_FR"},"content":{"rendered":"<p><span style=\"font-family: Verdana; font-size: xx-small;\"> Citer<\/span><\/p>\n<p><span style=\"font-family: Verdana;\"> Les citations sont &#8220;l&#8217;expression &#8230; de l&#8217;instinct infantile, d&#8217;imposer litt\u00e9ralement au lecteur ce qu&#8217;on a <a style=\"text-decoration: none; color: #f98d09;\" href=\"https:\/\/www.woydt.be\/lesebuch\/l69\/ho6903es.php\">lu<\/a>, pour se consoler, au lieu de le laisser constituer le fond muet et rassurant de sa propre parole.&#8221;<\/span><\/p>\n<p><span style=\"font-family: Verdana;\"> Thomas Mann: Betrachtungen eines Unpolitischen. Berlin 1919: S.XI. (ma propre traduction imparfaite&#8230;)<\/span><\/p>\n<p><span style=\"font-family: Verdana;\"><em>Bienvenue dans mon cahier de lecture,<\/em><\/span><\/p>\n<p>Moi, je professe, de bonne humeur, l&#8217;instinct infantile de vous noyer ici de citations. Vous trouverez sur ces pages une masse des textes, qui me sont chers ou qui me paraissent simplement int\u00e9ressants. Chacun est r\u00e9present\u00e9 dans le cadre \u00e0 gauche par un mot clef cliquable. Ils sont aussi li\u00e9s entre eux afin de permettre de sauter d&#8217;un texte \u00e0 l&#8217;autre.<\/p>\n<p>Bonne <a style=\"text-decoration: none; color: #f98d09;\" href=\"https:\/\/www.woydt.be\/lesebuch\/l69\/ho6903es.php\">lecture<\/a> &#8211; j&#8217;esp\u00e8re, que \u00e7a vous plaira, chaque r\u00e9action par email me motive \u00e0 continuer. Avec le temps je vais ajouter de plus en plus de textes dans les autres langues que l&#8217;allemand&#8230;<\/p>\n<p>Malte.<\/p>\n","protected":false},"excerpt":{"rendered":"<p>Citer Les citations sont &#8220;l&#8217;expression &#8230; de l&#8217;instinct infantile, d&#8217;imposer litt\u00e9ralement au lecteur ce qu&#8217;on a lu, pour se consoler, au lieu de le laisser constituer le fond muet et rassurant de sa propre parole.&#8221; Thomas Mann: Betrachtungen eines Unpolitischen. Berlin 1919: S.XI. (ma propre traduction imparfaite&#8230;) Bienvenue dans mon cahier de lecture, Moi, je [&hellip;]<\/p>\n","protected":false},"author":1,"featured_media":0,"parent":0,"menu_order":0,"comment_status":"open","ping_status":"closed","template":"","meta":[],"_links":{"self":[{"href":"https:\/\/www.woydt.be\/blog\/index.php?rest_route=\/wp\/v2\/pages\/10"}],"collection":[{"href":"https:\/\/www.woydt.be\/blog\/index.php?rest_route=\/wp\/v2\/pages"}],"about":[{"href":"https:\/\/www.woydt.be\/blog\/index.php?rest_route=\/wp\/v2\/types\/page"}],"author":[{"embeddable":true,"href":"https:\/\/www.woydt.be\/blog\/index.php?rest_route=\/wp\/v2\/users\/1"}],"replies":[{"embeddable":true,"href":"https:\/\/www.woydt.be\/blog\/index.php?rest_route=%2Fwp%2Fv2%2Fcomments&post=10"}],"version-history":[{"count":1,"href":"https:\/\/www.woydt.be\/blog\/index.php?rest_route=\/wp\/v2\/pages\/10\/revisions"}],"predecessor-version":[{"id":5280,"href":"https:\/\/www.woydt.be\/blog\/index.php?rest_route=\/wp\/v2\/pages\/10\/revisions\/5280"}],"wp:attachment":[{"href":"https:\/\/www.woydt.be\/blog\/index.php?rest_route=%2Fwp%2Fv2%2Fmedia&parent=10"}],"curies":[{"name":"wp","href":"https:\/\/api.w.org\/{rel}","templated":true}]}}