{"id":295,"date":"2007-12-11T19:15:39","date_gmt":"2007-12-11T17:15:39","guid":{"rendered":"http:\/\/www.woydt.be\/blog\/?page_id=295"},"modified":"2023-12-22T01:43:10","modified_gmt":"2023-12-22T00:43:10","slug":"titel-uber-mich","status":"publish","type":"page","link":"https:\/\/www.woydt.be\/blog\/?page_id=295","title":{"rendered":"\u00fcber mich"},"content":{"rendered":"<p>Ja, was h\u00e4tte ich hier anzubieten?<\/p>\n<p>einen &#8220;autobiographischen&#8221; Artikel, &#8220;<a href=\"https:\/\/www.woydt.be\/blog\/?p=293\">Malte on Malte<\/a>&#8220;,<\/p>\n<p>meinen (hoffnungslos veralteten) Lebenslauf auf <a href=\"https:\/\/www.woydt.be\/blog\/?p=300\">deutsch<\/a>, <a href=\"https:\/\/www.woydt.be\/uebermich\/ho0052en.htm\">englisch<\/a>, <a href=\"https:\/\/www.woydt.be\/uebermich\/ho0052fr.htm\">franz\u00f6sisch<\/a> und <a href=\"https:\/\/www.woydt.be\/uebermich\/ho0052nl.htm\">niederl\u00e4ndisch<\/a>,<\/p>\n<p>eine Seite \u00fcber unsere Stra\u00dfe, die <a href=\"https:\/\/www.woydt.be\/uebermich\/ho0055de.htm\">Rue Jenatzystraat<\/a>,<\/p>\n<p>eine <a href=\"https:\/\/www.woydt.be\/blog\/?p=298\">Liste mit Lieblingslokalen<\/a> in Br\u00fcssel,<\/p>\n<p>eine <a href=\"https:\/\/www.woydt.be\/uebermich\/ho0053de.htm\">Liste mit Lieblingslinks<\/a> (allerdings nicht sehr oft aktulisiert&#8230;),<\/p>\n<p>einige Tips f\u00fcr Leute, die im Europabusiness ein <a href=\"https:\/\/www.woydt.be\/blog\/?p=296\">Praktikum<\/a> machen wollen,<\/p>\n<p>und einige <a href=\"https:\/\/www.woydt.be\/blog\/?p=297\">Tips f\u00fcr Br\u00fcsseler mit wenig Geld<\/a>&#8230;<\/p>\n","protected":false},"excerpt":{"rendered":"<p>Ja, was h\u00e4tte ich hier anzubieten? einen &#8220;autobiographischen&#8221; Artikel, &#8220;Malte on Malte&#8220;, meinen (hoffnungslos veralteten) Lebenslauf auf deutsch, englisch, franz\u00f6sisch und niederl\u00e4ndisch, eine Seite \u00fcber unsere Stra\u00dfe, die Rue Jenatzystraat, eine Liste mit Lieblingslokalen in Br\u00fcssel, eine Liste mit Lieblingslinks (allerdings nicht sehr oft aktulisiert&#8230;), einige Tips f\u00fcr Leute, die im Europabusiness ein Praktikum machen [&hellip;]<\/p>\n","protected":false},"author":2,"featured_media":0,"parent":0,"menu_order":0,"comment_status":"closed","ping_status":"closed","template":"","meta":[],"_links":{"self":[{"href":"https:\/\/www.woydt.be\/blog\/index.php?rest_route=\/wp\/v2\/pages\/295"}],"collection":[{"href":"https:\/\/www.woydt.be\/blog\/index.php?rest_route=\/wp\/v2\/pages"}],"about":[{"href":"https:\/\/www.woydt.be\/blog\/index.php?rest_route=\/wp\/v2\/types\/page"}],"author":[{"embeddable":true,"href":"https:\/\/www.woydt.be\/blog\/index.php?rest_route=\/wp\/v2\/users\/2"}],"replies":[{"embeddable":true,"href":"https:\/\/www.woydt.be\/blog\/index.php?rest_route=%2Fwp%2Fv2%2Fcomments&post=295"}],"version-history":[{"count":1,"href":"https:\/\/www.woydt.be\/blog\/index.php?rest_route=\/wp\/v2\/pages\/295\/revisions"}],"predecessor-version":[{"id":4457,"href":"https:\/\/www.woydt.be\/blog\/index.php?rest_route=\/wp\/v2\/pages\/295\/revisions\/4457"}],"wp:attachment":[{"href":"https:\/\/www.woydt.be\/blog\/index.php?rest_route=%2Fwp%2Fv2%2Fmedia&parent=295"}],"curies":[{"name":"wp","href":"https:\/\/api.w.org\/{rel}","templated":true}]}}