{"id":4,"date":"2007-10-02T20:31:36","date_gmt":"2007-10-02T18:31:36","guid":{"rendered":"http:\/\/www.woydt.be\/blog\/?page_id=4"},"modified":"2024-07-14T15:21:54","modified_gmt":"2024-07-14T14:21:54","slug":"willkommen-in-meinem-lesebuch","status":"publish","type":"page","link":"https:\/\/www.woydt.be\/blog\/?page_id=4","title":{"rendered":"Maltes Lesebuch"},"content":{"rendered":"<h3>Zitieren<\/h3>\n<p>Zitieren ist &#8220;Ausdruck &#8230; des kindischen Triebes, dem Leser all das <a href=\"https:\/\/www.woydt.be\/blog\/?p=217\">w\u00f6rtlich<\/a> aufzudr\u00e4ngen, was man sich zum <a href=\"https:\/\/www.woydt.be\/blog\/?p=381\">Troste<\/a> <a href=\"https:\/\/www.woydt.be\/blog\/?p=127\">erlas<\/a>, statt es den stummen und beruhigenden Untergrund der eigenen Rede bilden zu lassen.&#8221;<\/p>\n<blockquote>\n<p id=\"#literatur\">aus: Thomas Mann: Betrachtungen eines Unpolitischen. Berlin 1919: S.XI.<\/p>\n<\/blockquote>\n<p>&#8212;&#8212;&#8212;&#8212;&#8212;&#8212;&#8212;&#8212;&#8212;&#8212;&#8212;&#8212;&#8212;&#8212;&#8212;&#8212;&#8212;&#8212;&#8211;<\/p>\n<p><em>Ich bekenne mich fr\u00f6hlich zu dem &#8220;kindischen Trieb&#8221;, Euch hier mit Zitaten zu \u00fcberh\u00e4ufen. Ihr findet auf diesen Seiten einen Haufen Texte, die mir wichtig sind, oder auch nur interessant erscheinen. Ein jeder ist rechts \u00fcber ein Stichwort anklickbar. Dar\u00fcberhinaus sind sie aber auch untereinander verbunden, so da\u00df mensch assoziativ von einem Text zum anderen springen kann.<\/em><\/p>\n<p><em>Viel Freude beim Lesen &#8211; ich hoffe, es macht Euch so viel Spa\u00df wie mir, jede Reaktion motiviert mich zum weitermachen.<\/em><\/p>\n<p><em>Mit diesem Lesebuch habe ich 1991 in Papierform begonnen (auch f\u00fcr einige Freunde bereits vervielf\u00e4ltigt), es dann seit 1998 auf meinen Webseiten weiterbetrieben. Allerdings noch auf <a href=\"https:\/\/www.woydt.be\/blog\/?p=482\">selbstgeschriebenen<\/a> einfachen HTML-Seiten&#8230; Um Kommentare (und Diskussionen) zu erm\u00f6glichen, setze ich es jetzt um in die modische Form eines Blogs. Ich bitte um Verst\u00e4ndnis, da\u00df ich hier nur Kommentare zulasse, die ich selber interessant finde. Wer sich ausgeschlossen f\u00fchlen sollte, er\u00f6ffne einfach selber einen Blog, Danke!<\/em><\/p>\n<p><em>Malte.<\/em><\/p>\n<p><em>PS: <a href=\"https:\/\/www.woydt.be\/blog\/?cat=3\">Hier geht es zu den zuletzt hinzugef\u00fcgten Texten!<\/a><\/em><\/p>\n","protected":false},"excerpt":{"rendered":"<p>Zitieren Zitieren ist &#8220;Ausdruck &#8230; des kindischen Triebes, dem Leser all das w\u00f6rtlich aufzudr\u00e4ngen, was man sich zum Troste erlas, statt es den stummen und beruhigenden Untergrund der eigenen Rede bilden zu lassen.&#8221; aus: Thomas Mann: Betrachtungen eines Unpolitischen. Berlin 1919: S.XI. &#8212;&#8212;&#8212;&#8212;&#8212;&#8212;&#8212;&#8212;&#8212;&#8212;&#8212;&#8212;&#8212;&#8212;&#8212;&#8212;&#8212;&#8212;&#8211; Ich bekenne mich fr\u00f6hlich zu dem &#8220;kindischen Trieb&#8221;, Euch hier mit Zitaten [&hellip;]<\/p>\n","protected":false},"author":1,"featured_media":0,"parent":0,"menu_order":0,"comment_status":"open","ping_status":"closed","template":"","meta":[],"_links":{"self":[{"href":"https:\/\/www.woydt.be\/blog\/index.php?rest_route=\/wp\/v2\/pages\/4"}],"collection":[{"href":"https:\/\/www.woydt.be\/blog\/index.php?rest_route=\/wp\/v2\/pages"}],"about":[{"href":"https:\/\/www.woydt.be\/blog\/index.php?rest_route=\/wp\/v2\/types\/page"}],"author":[{"embeddable":true,"href":"https:\/\/www.woydt.be\/blog\/index.php?rest_route=\/wp\/v2\/users\/1"}],"replies":[{"embeddable":true,"href":"https:\/\/www.woydt.be\/blog\/index.php?rest_route=%2Fwp%2Fv2%2Fcomments&post=4"}],"version-history":[{"count":2,"href":"https:\/\/www.woydt.be\/blog\/index.php?rest_route=\/wp\/v2\/pages\/4\/revisions"}],"predecessor-version":[{"id":5287,"href":"https:\/\/www.woydt.be\/blog\/index.php?rest_route=\/wp\/v2\/pages\/4\/revisions\/5287"}],"wp:attachment":[{"href":"https:\/\/www.woydt.be\/blog\/index.php?rest_route=%2Fwp%2Fv2%2Fmedia&parent=4"}],"curies":[{"name":"wp","href":"https:\/\/api.w.org\/{rel}","templated":true}]}}